{"id":2,"date":"2012-10-18T18:36:20","date_gmt":"2012-10-18T18:36:20","guid":{"rendered":"http:\/\/www.remonen.fi\/WP\/?page_id=2"},"modified":"2015-09-10T07:58:38","modified_gmt":"2015-09-10T04:58:38","slug":"about","status":"publish","type":"page","link":"https:\/\/www.remonen.fi\/WP\/about\/","title":{"rendered":"About"},"content":{"rendered":"<p>Olen -60 -luvun alussa t\u00e4h\u00e4n maailmaan syntynyt insin\u00f6\u00f6ri, tietotekniikka-alan ammattilainen ja valokuvauksen harrastaja. Insin\u00f6\u00f6riys on tullut koulutuksen avulla, tietotekniikka-alan ammattilaisuus kokemuksen kautta ja valokuvaus on se laji, jota voin kutsua harrastavani. Omasta mielest\u00e4ni valokuvauksesta tekee harrastuksen minulle se, ett\u00e4 yrit\u00e4n kehitt\u00e4\u00e4 itse\u00e4ni siin\u00e4 omaksi ilokseni, ilman ett\u00e4 minulla on muita tarpeita tai ylevi\u00e4 tavoitteita.<\/p>\n<div id=\"attachment_6024\" style=\"width: 822px\" class=\"wp-caption aligncenter\"><a href=\"http:\/\/www.remonen.fi\/WP\/wp-content\/uploads\/2015\/05\/bloglogo_big.jpg\"><img loading=\"lazy\" decoding=\"async\" aria-describedby=\"caption-attachment-6024\" class=\"wp-image-6024 size-full\" src=\"http:\/\/www.remonen.fi\/WP\/wp-content\/uploads\/2015\/05\/bloglogo_big.jpg\" alt=\"bloglogo_big\" width=\"812\" height=\"541\" srcset=\"https:\/\/www.remonen.fi\/WP\/wp-content\/uploads\/2015\/05\/bloglogo_big.jpg 812w, https:\/\/www.remonen.fi\/WP\/wp-content\/uploads\/2015\/05\/bloglogo_big-300x200.jpg 300w, https:\/\/www.remonen.fi\/WP\/wp-content\/uploads\/2015\/05\/bloglogo_big-680x453.jpg 680w, https:\/\/www.remonen.fi\/WP\/wp-content\/uploads\/2015\/05\/bloglogo_big-440x293.jpg 440w\" sizes=\"(max-width: 812px) 100vw, 812px\" \/><\/a><p id=\"caption-attachment-6024\" class=\"wp-caption-text\">Kuvia ja jorinoita, jo vuodesta 2013&#8230;<\/p><\/div>\n<p>Valokuvaaminen on ollut minulla l\u00e4sn\u00e4 aina: jo silloin -60 -luvulla sain kokeilla is\u00e4ni &#8221;laatikkokameraa&#8221; ja &#8221;coca-colakameraa&#8221; (ennen kameroillakin oli paremmat nimet). Seitsem\u00e4nkymment\u00e4luvulle tultaessa hankin ensimm\u00e4isen oman j\u00e4rjestelm\u00e4kamerani, jonka &#8221;ostin&#8221; veljelt\u00e4ni. Se taisi olla M42-kierteinen Ricoh. Seuraavaksi sitten ostin ylioppilaaksip\u00e4\u00e4syrahoillani uuden j\u00e4rkk\u00e4rin, joka oli mahdollisesti Pentax. En kyll\u00e4 oikein en\u00e4\u00e4 jaksa noita muistaa. Aikanaan Pentax sitten vaihtui filmipokkariin, kun en jaksanut en\u00e4\u00e4 raahata kalustoa mukanani.<\/p>\n<p>Alussa my\u00f6s kehitin filmit ja vedostin kuvat itse. Minulla oli kylpyhuoneeseen pystytett\u00e4v\u00e4 pimi\u00f6 suurennuskoneineen, jossa sitten tein kuvia p\u00e4iv\u00e4t pitk\u00e4t. Se oli sit\u00e4 aikaa, kun kuvat viel\u00e4 lopuksi viimeisen huuhtelun j\u00e4lkeen kuivattiin ja kiillotettiin kuivurissa. Filmi\u00e4 tuli ostettua metritavarana (Kodakin PlusX ja TriX 30 jalan rullissa) ja purkitettua k\u00e4sin. N\u00e4in kustannukset pysyiv\u00e4t kurissa. V\u00e4rifilmille kuvaamista ei oikein voinut edes harkita. Pikkuhiljaa kuvaaminen kuitenkin j\u00e4i, kun muut riennot ja ty\u00f6el\u00e4m\u00e4 kutsuivat.<\/p>\n<p><a href=\"http:\/\/www.remonen.fi\/WP\/wp-content\/uploads\/2015\/05\/kamera_logo.png\"><img loading=\"lazy\" decoding=\"async\" class=\" size-full wp-image-6021 aligncenter\" src=\"http:\/\/www.remonen.fi\/WP\/wp-content\/uploads\/2015\/05\/kamera_logo.png\" alt=\"kamera_logo\" width=\"400\" height=\"353\" srcset=\"https:\/\/www.remonen.fi\/WP\/wp-content\/uploads\/2015\/05\/kamera_logo.png 400w, https:\/\/www.remonen.fi\/WP\/wp-content\/uploads\/2015\/05\/kamera_logo-300x265.png 300w\" sizes=\"(max-width: 400px) 100vw, 400px\" \/><\/a>Esikoisen syntym\u00e4n kunniaksi -90 -luvun alussa palasin takaisin j\u00e4rjestelm\u00e4kameroiden ihmeelliseen maailmaan ja hankin ensimm\u00e4isen Nikonini, N8008:n. Tilasin sen polleana suoraan New Yorkista, B&amp;H PhotoVideosta. Tilaus pistettiin menem\u00e4\u00e4n faksilla ja maksu tapahtui luottokortilla. Ett\u00e4 &#8221;nettikauppaa&#8221; oli jo ennen eBayta, joka tuppaa yleens\u00e4 unohtumaan nuorisolta. Negatiivifilmist\u00e4 olin siirtynyt diaan, jota is\u00e4nikin p\u00e4\u00e4osin kuvasi.<\/p>\n<p>N8008:sta aika sitten j\u00e4tti yhden USAn reissun seurauksena, mutta sain vakuutuksesta tilalle F90x:n. Sekin sai sitten menn\u00e4, kun filmille kuvaaminen alkoi tuntumaan antiikkiselta ja uuden vuosituhannen kunniaksi tilalle tuli Sony DSC-F707 &#8221;bridge&#8221;-kamera aikana, jollon koko k\u00e4sitett\u00e4 ei ollut olemassa. Se oli kuitenkin jo digikamera ja kokonaista 5Mpix&#8230;, herkkyys ISO400 max. Sill\u00e4 sitten mentiin useampi vuosi, kunnes valokuvausharrastus alkoi taas kiinnostamaan enemm\u00e4n tosissaan. Vuonna 2007 ostin sitten Nikonin D700-rungon ja sen j\u00e4lkeen t\u00e4h\u00e4n harrastamiseen on tullut enemm\u00e4n vakavampi s\u00e4vy. Laitteistoakin alkaa olemaan pienen kyl\u00e4studion verran: rungot ovat vaihtuneet tasaisin v\u00e4lein, mutta merkki on ja pysyy Nikonina. Vaikka rinnalle onkin tullut reissukameraksi Sonyn APS-C -kennoinen &#8221;NEX&#8221;-sarja (ILCE nyky\u00e4\u00e4n). Ja kolmas runko on infrapuna-konvertoitu Sony NEX-5N.<\/p>\n<p>Kaikesta t\u00e4st\u00e4 huolimatta t\u00e4m\u00e4 on pysynyt harrastuksena, eik\u00e4 minulla tosiaan ole sen suurempia tavoitteita t\u00e4m\u00e4n suhteen kuin kehitty\u00e4 itse itse\u00e4ni vasten paremmaksi kuvaajaksi ja havainnoijaksi. Valokuvaaminen sin\u00e4ns\u00e4 pit\u00e4\u00e4 ylpeyden kurissa: aina kun kuvittelee, ett\u00e4 nyt min\u00e4 t\u00e4m\u00e4n osaan, tulee vastaan jonkun ottama kuva, joka j\u00e4tt\u00e4\u00e4 mielen n\u00f6yr\u00e4ksi ja suun auki.<\/p>\n<p>T\u00e4m\u00e4 blogi toimii nyky\u00e4\u00e4n kuvieni p\u00e4\u00e4asiallisena julkaisualustana. No, ihan kuin minulla olisi aiemmin ollut mit\u00e4\u00e4n muutakaan julkaisukanavaa&#8230; t\u00e4m\u00e4 kuitenkin tuo kuvaamiselle edes jonkin tarkoituksen, ettei niit\u00e4 kuvia vain tule hillottua johonkin kiintolevyn kulmalle.<\/p>\n<p>Mutta n\u00e4ill\u00e4 menn\u00e4\u00e4n.<\/p>\n<p>Helsingiss\u00e4 4.5.2015<\/p>\n<p style=\"text-align: center;\"><span style=\"font-family: courier new,courier;\">Copyright (c) 2015: Matti Remonen<br \/>\n<\/span><span style=\"font-family: courier new,courier;\">&#8211;\u00a0All Rights Reserved, no reproduction or copying without prior permission &#8211;<\/span><\/p>\n","protected":false},"excerpt":{"rendered":"<p>Olen -60 -luvun alussa t\u00e4h\u00e4n maailmaan syntynyt insin\u00f6\u00f6ri, tietotekniikka-alan ammattilainen ja valokuvauksen harrastaja. Insin\u00f6\u00f6riys on tullut koulutuksen avulla, tietotekniikka-alan ammattilaisuus kokemuksen kautta ja valokuvaus on se laji, jota voin kutsua harrastavani. Omasta mielest\u00e4ni valokuvauksesta tekee harrastuksen minulle se, ett\u00e4 yrit\u00e4n kehitt\u00e4\u00e4 itse\u00e4ni siin\u00e4 omaksi ilokseni, ilman ett\u00e4 minulla on muita tarpeita tai ylevi\u00e4 tavoitteita. Valokuvaaminen [&hellip;]<\/p>\n","protected":false},"author":1,"featured_media":0,"parent":0,"menu_order":0,"comment_status":"open","ping_status":"open","template":"","meta":{"footnotes":""},"yoast_head":"<!-- This site is optimized with the Yoast SEO plugin v24.5 - https:\/\/yoast.com\/wordpress\/plugins\/seo\/ -->\n<title>remonen.fi - Valokuvia omaksi iloksi<\/title>\n<meta name=\"description\" content=\"Matin valokuvablogi: kuvia ja jorinaa laidasta laitaan.\" \/>\n<meta name=\"robots\" content=\"index, follow, max-snippet:-1, max-image-preview:large, max-video-preview:-1\" \/>\n<link rel=\"canonical\" href=\"https:\/\/www.remonen.fi\/WP\/about\/\" \/>\n<meta property=\"og:locale\" content=\"fi_FI\" \/>\n<meta property=\"og:type\" content=\"article\" \/>\n<meta property=\"og:title\" content=\"remonen.fi - Valokuvia omaksi iloksi\" \/>\n<meta property=\"og:description\" content=\"Matin valokuvablogi: kuvia ja jorinaa laidasta laitaan.\" \/>\n<meta property=\"og:url\" content=\"https:\/\/www.remonen.fi\/WP\/about\/\" \/>\n<meta property=\"og:site_name\" content=\"remonen.fi\" \/>\n<meta property=\"article:modified_time\" content=\"2015-09-10T04:58:38+00:00\" \/>\n<meta property=\"og:image\" content=\"http:\/\/www.remonen.fi\/WP\/wp-content\/uploads\/2015\/05\/bloglogo_big.jpg\" \/>\n<meta name=\"twitter:label1\" content=\"Arvioitu lukuaika\" \/>\n\t<meta name=\"twitter:data1\" content=\"3 minuuttia\" \/>\n<script type=\"application\/ld+json\" class=\"yoast-schema-graph\">{\"@context\":\"https:\/\/schema.org\",\"@graph\":[{\"@type\":\"WebPage\",\"@id\":\"https:\/\/www.remonen.fi\/WP\/about\/\",\"url\":\"https:\/\/www.remonen.fi\/WP\/about\/\",\"name\":\"remonen.fi - Valokuvia omaksi iloksi\",\"isPartOf\":{\"@id\":\"https:\/\/www.remonen.fi\/WP\/#website\"},\"primaryImageOfPage\":{\"@id\":\"https:\/\/www.remonen.fi\/WP\/about\/#primaryimage\"},\"image\":{\"@id\":\"https:\/\/www.remonen.fi\/WP\/about\/#primaryimage\"},\"thumbnailUrl\":\"http:\/\/www.remonen.fi\/WP\/wp-content\/uploads\/2015\/05\/bloglogo_big.jpg\",\"datePublished\":\"2012-10-18T18:36:20+00:00\",\"dateModified\":\"2015-09-10T04:58:38+00:00\",\"description\":\"Matin valokuvablogi: kuvia ja jorinaa laidasta laitaan.\",\"breadcrumb\":{\"@id\":\"https:\/\/www.remonen.fi\/WP\/about\/#breadcrumb\"},\"inLanguage\":\"fi\",\"potentialAction\":[{\"@type\":\"ReadAction\",\"target\":[\"https:\/\/www.remonen.fi\/WP\/about\/\"]}]},{\"@type\":\"ImageObject\",\"inLanguage\":\"fi\",\"@id\":\"https:\/\/www.remonen.fi\/WP\/about\/#primaryimage\",\"url\":\"http:\/\/www.remonen.fi\/WP\/wp-content\/uploads\/2015\/05\/bloglogo_big.jpg\",\"contentUrl\":\"http:\/\/www.remonen.fi\/WP\/wp-content\/uploads\/2015\/05\/bloglogo_big.jpg\"},{\"@type\":\"BreadcrumbList\",\"@id\":\"https:\/\/www.remonen.fi\/WP\/about\/#breadcrumb\",\"itemListElement\":[{\"@type\":\"ListItem\",\"position\":1,\"name\":\"Etusivu\",\"item\":\"https:\/\/www.remonen.fi\/WP\/\"},{\"@type\":\"ListItem\",\"position\":2,\"name\":\"About\"}]},{\"@type\":\"WebSite\",\"@id\":\"https:\/\/www.remonen.fi\/WP\/#website\",\"url\":\"https:\/\/www.remonen.fi\/WP\/\",\"name\":\"remonen.fi\",\"description\":\"Valokuvia ja tarinaa laidasta laitaan\",\"publisher\":{\"@id\":\"https:\/\/www.remonen.fi\/WP\/#\/schema\/person\/1803c23d1d4f6722054eb2ac7f7a97cd\"},\"potentialAction\":[{\"@type\":\"SearchAction\",\"target\":{\"@type\":\"EntryPoint\",\"urlTemplate\":\"https:\/\/www.remonen.fi\/WP\/?s={search_term_string}\"},\"query-input\":{\"@type\":\"PropertyValueSpecification\",\"valueRequired\":true,\"valueName\":\"search_term_string\"}}],\"inLanguage\":\"fi\"},{\"@type\":[\"Person\",\"Organization\"],\"@id\":\"https:\/\/www.remonen.fi\/WP\/#\/schema\/person\/1803c23d1d4f6722054eb2ac7f7a97cd\",\"name\":\"Matti Remonen\",\"logo\":{\"@id\":\"https:\/\/www.remonen.fi\/WP\/#\/schema\/person\/image\/\"}}]}<\/script>\n<!-- \/ Yoast SEO plugin. -->","yoast_head_json":{"title":"remonen.fi - Valokuvia omaksi iloksi","description":"Matin valokuvablogi: kuvia ja jorinaa laidasta laitaan.","robots":{"index":"index","follow":"follow","max-snippet":"max-snippet:-1","max-image-preview":"max-image-preview:large","max-video-preview":"max-video-preview:-1"},"canonical":"https:\/\/www.remonen.fi\/WP\/about\/","og_locale":"fi_FI","og_type":"article","og_title":"remonen.fi - Valokuvia omaksi iloksi","og_description":"Matin valokuvablogi: kuvia ja jorinaa laidasta laitaan.","og_url":"https:\/\/www.remonen.fi\/WP\/about\/","og_site_name":"remonen.fi","article_modified_time":"2015-09-10T04:58:38+00:00","og_image":[{"url":"http:\/\/www.remonen.fi\/WP\/wp-content\/uploads\/2015\/05\/bloglogo_big.jpg","type":"","width":"","height":""}],"twitter_misc":{"Arvioitu lukuaika":"3 minuuttia"},"schema":{"@context":"https:\/\/schema.org","@graph":[{"@type":"WebPage","@id":"https:\/\/www.remonen.fi\/WP\/about\/","url":"https:\/\/www.remonen.fi\/WP\/about\/","name":"remonen.fi - Valokuvia omaksi iloksi","isPartOf":{"@id":"https:\/\/www.remonen.fi\/WP\/#website"},"primaryImageOfPage":{"@id":"https:\/\/www.remonen.fi\/WP\/about\/#primaryimage"},"image":{"@id":"https:\/\/www.remonen.fi\/WP\/about\/#primaryimage"},"thumbnailUrl":"http:\/\/www.remonen.fi\/WP\/wp-content\/uploads\/2015\/05\/bloglogo_big.jpg","datePublished":"2012-10-18T18:36:20+00:00","dateModified":"2015-09-10T04:58:38+00:00","description":"Matin valokuvablogi: kuvia ja jorinaa laidasta laitaan.","breadcrumb":{"@id":"https:\/\/www.remonen.fi\/WP\/about\/#breadcrumb"},"inLanguage":"fi","potentialAction":[{"@type":"ReadAction","target":["https:\/\/www.remonen.fi\/WP\/about\/"]}]},{"@type":"ImageObject","inLanguage":"fi","@id":"https:\/\/www.remonen.fi\/WP\/about\/#primaryimage","url":"http:\/\/www.remonen.fi\/WP\/wp-content\/uploads\/2015\/05\/bloglogo_big.jpg","contentUrl":"http:\/\/www.remonen.fi\/WP\/wp-content\/uploads\/2015\/05\/bloglogo_big.jpg"},{"@type":"BreadcrumbList","@id":"https:\/\/www.remonen.fi\/WP\/about\/#breadcrumb","itemListElement":[{"@type":"ListItem","position":1,"name":"Etusivu","item":"https:\/\/www.remonen.fi\/WP\/"},{"@type":"ListItem","position":2,"name":"About"}]},{"@type":"WebSite","@id":"https:\/\/www.remonen.fi\/WP\/#website","url":"https:\/\/www.remonen.fi\/WP\/","name":"remonen.fi","description":"Valokuvia ja tarinaa laidasta laitaan","publisher":{"@id":"https:\/\/www.remonen.fi\/WP\/#\/schema\/person\/1803c23d1d4f6722054eb2ac7f7a97cd"},"potentialAction":[{"@type":"SearchAction","target":{"@type":"EntryPoint","urlTemplate":"https:\/\/www.remonen.fi\/WP\/?s={search_term_string}"},"query-input":{"@type":"PropertyValueSpecification","valueRequired":true,"valueName":"search_term_string"}}],"inLanguage":"fi"},{"@type":["Person","Organization"],"@id":"https:\/\/www.remonen.fi\/WP\/#\/schema\/person\/1803c23d1d4f6722054eb2ac7f7a97cd","name":"Matti Remonen","logo":{"@id":"https:\/\/www.remonen.fi\/WP\/#\/schema\/person\/image\/"}}]}},"_links":{"self":[{"href":"https:\/\/www.remonen.fi\/WP\/wp-json\/wp\/v2\/pages\/2"}],"collection":[{"href":"https:\/\/www.remonen.fi\/WP\/wp-json\/wp\/v2\/pages"}],"about":[{"href":"https:\/\/www.remonen.fi\/WP\/wp-json\/wp\/v2\/types\/page"}],"author":[{"embeddable":true,"href":"https:\/\/www.remonen.fi\/WP\/wp-json\/wp\/v2\/users\/1"}],"replies":[{"embeddable":true,"href":"https:\/\/www.remonen.fi\/WP\/wp-json\/wp\/v2\/comments?post=2"}],"version-history":[{"count":0,"href":"https:\/\/www.remonen.fi\/WP\/wp-json\/wp\/v2\/pages\/2\/revisions"}],"wp:attachment":[{"href":"https:\/\/www.remonen.fi\/WP\/wp-json\/wp\/v2\/media?parent=2"}],"curies":[{"name":"wp","href":"https:\/\/api.w.org\/{rel}","templated":true}]}}