{"id":5915,"date":"2015-05-02T18:30:00","date_gmt":"2015-05-02T15:30:00","guid":{"rendered":"http:\/\/www.remonen.fi\/?page_id=5915"},"modified":"2016-05-31T19:39:36","modified_gmt":"2016-05-31T16:39:36","slug":"valokuvablogi","status":"publish","type":"page","link":"https:\/\/www.remonen.fi\/WP\/","title":{"rendered":"Valokuvablogi"},"content":{"rendered":"<h1>Valokuvablogi<\/h1>\n<p>Matti Remosen valokuvablogi, jonka sis\u00e4lt\u00f6n\u00e4 valokuvat, valokuvaus ja omat valokuvaukseen liittyv\u00e4t matkat ja kommellukset. Satunnaisesti my\u00f6s muuta valokuvaukseen liittyv\u00e4\u00e4 materiaalia, kuten kirja-arvosteluja ja kokemuksia ostamistani valokuvausvarusteista. Blogi l\u00f6ytyy <a href=\"http:\/\/www.remonen.fi\/blogi\/\">t\u00e4\u00e4lt\u00e4<\/a>.<\/p>\n<p>Kaikki materiaali t\u00e4ss\u00e4 blogissa on minun tekij\u00e4noikeudellista materiaalia, jollei muuta ole mainittu.<\/p>\n<p>(c) 2016 Matti Remonen<\/p>\n","protected":false},"excerpt":{"rendered":"<p>Valokuvablogi Matti Remosen valokuvablogi, jonka sis\u00e4lt\u00f6n\u00e4 valokuvat, valokuvaus ja omat valokuvaukseen liittyv\u00e4t matkat ja kommellukset. Satunnaisesti my\u00f6s muuta valokuvaukseen liittyv\u00e4\u00e4 materiaalia, kuten kirja-arvosteluja ja kokemuksia ostamistani valokuvausvarusteista. Blogi l\u00f6ytyy t\u00e4\u00e4lt\u00e4. Kaikki materiaali t\u00e4ss\u00e4 blogissa on minun tekij\u00e4noikeudellista materiaalia, jollei muuta ole mainittu. (c) 2016 Matti Remonen<\/p>\n","protected":false},"author":1,"featured_media":0,"parent":0,"menu_order":0,"comment_status":"open","ping_status":"closed","template":"gallery.php","meta":{"footnotes":""},"yoast_head":"<!-- This site is optimized with the Yoast SEO plugin v24.5 - https:\/\/yoast.com\/wordpress\/plugins\/seo\/ -->\n<title>valokuvablogi - remonen.fi<\/title>\n<meta name=\"description\" content=\"Valokuvablogi : Blogin sis\u00e4lt\u00f6n\u00e4 valokuvat ja valokuvaus. Satunnaisesti my\u00f6s muuta aiheeseen liittyv\u00e4\u00e4, kuten kirja-arvosteluja ja kommentteja varusteista.\" \/>\n<meta name=\"robots\" content=\"index, follow, max-snippet:-1, max-image-preview:large, max-video-preview:-1\" \/>\n<link rel=\"canonical\" href=\"https:\/\/www.remonen.fi\/WP\/\" \/>\n<meta property=\"og:locale\" content=\"fi_FI\" \/>\n<meta property=\"og:type\" content=\"article\" \/>\n<meta property=\"og:title\" content=\"valokuvablogi - remonen.fi\" \/>\n<meta property=\"og:description\" content=\"Valokuvablogi : Blogin sis\u00e4lt\u00f6n\u00e4 valokuvat ja valokuvaus. Satunnaisesti my\u00f6s muuta aiheeseen liittyv\u00e4\u00e4, kuten kirja-arvosteluja ja kommentteja varusteista.\" \/>\n<meta property=\"og:url\" content=\"https:\/\/www.remonen.fi\/WP\/\" \/>\n<meta property=\"og:site_name\" content=\"remonen.fi\" \/>\n<meta property=\"article:modified_time\" content=\"2016-05-31T16:39:36+00:00\" \/>\n<script type=\"application\/ld+json\" class=\"yoast-schema-graph\">{\"@context\":\"https:\/\/schema.org\",\"@graph\":[{\"@type\":\"WebPage\",\"@id\":\"https:\/\/www.remonen.fi\/WP\/\",\"url\":\"https:\/\/www.remonen.fi\/WP\/\",\"name\":\"valokuvablogi - remonen.fi\",\"isPartOf\":{\"@id\":\"https:\/\/www.remonen.fi\/WP\/#website\"},\"datePublished\":\"2015-05-02T15:30:00+00:00\",\"dateModified\":\"2016-05-31T16:39:36+00:00\",\"description\":\"Valokuvablogi : Blogin sis\u00e4lt\u00f6n\u00e4 valokuvat ja valokuvaus. Satunnaisesti my\u00f6s muuta aiheeseen liittyv\u00e4\u00e4, kuten kirja-arvosteluja ja kommentteja varusteista.\",\"breadcrumb\":{\"@id\":\"https:\/\/www.remonen.fi\/WP\/#breadcrumb\"},\"inLanguage\":\"fi\",\"potentialAction\":[{\"@type\":\"ReadAction\",\"target\":[\"https:\/\/www.remonen.fi\/WP\/\"]}]},{\"@type\":\"BreadcrumbList\",\"@id\":\"https:\/\/www.remonen.fi\/WP\/#breadcrumb\",\"itemListElement\":[{\"@type\":\"ListItem\",\"position\":1,\"name\":\"Etusivu\",\"item\":\"https:\/\/www.remonen.fi\/WP\/\"},{\"@type\":\"ListItem\",\"position\":2,\"name\":\"Valokuvablogi\"}]},{\"@type\":\"WebSite\",\"@id\":\"https:\/\/www.remonen.fi\/WP\/#website\",\"url\":\"https:\/\/www.remonen.fi\/WP\/\",\"name\":\"remonen.fi\",\"description\":\"Valokuvia ja tarinaa laidasta laitaan\",\"publisher\":{\"@id\":\"https:\/\/www.remonen.fi\/WP\/#\/schema\/person\/1803c23d1d4f6722054eb2ac7f7a97cd\"},\"potentialAction\":[{\"@type\":\"SearchAction\",\"target\":{\"@type\":\"EntryPoint\",\"urlTemplate\":\"https:\/\/www.remonen.fi\/WP\/?s={search_term_string}\"},\"query-input\":{\"@type\":\"PropertyValueSpecification\",\"valueRequired\":true,\"valueName\":\"search_term_string\"}}],\"inLanguage\":\"fi\"},{\"@type\":[\"Person\",\"Organization\"],\"@id\":\"https:\/\/www.remonen.fi\/WP\/#\/schema\/person\/1803c23d1d4f6722054eb2ac7f7a97cd\",\"name\":\"Matti Remonen\",\"logo\":{\"@id\":\"https:\/\/www.remonen.fi\/WP\/#\/schema\/person\/image\/\"}}]}<\/script>\n<!-- \/ Yoast SEO plugin. -->","yoast_head_json":{"title":"valokuvablogi - remonen.fi","description":"Valokuvablogi : Blogin sis\u00e4lt\u00f6n\u00e4 valokuvat ja valokuvaus. Satunnaisesti my\u00f6s muuta aiheeseen liittyv\u00e4\u00e4, kuten kirja-arvosteluja ja kommentteja varusteista.","robots":{"index":"index","follow":"follow","max-snippet":"max-snippet:-1","max-image-preview":"max-image-preview:large","max-video-preview":"max-video-preview:-1"},"canonical":"https:\/\/www.remonen.fi\/WP\/","og_locale":"fi_FI","og_type":"article","og_title":"valokuvablogi - remonen.fi","og_description":"Valokuvablogi : Blogin sis\u00e4lt\u00f6n\u00e4 valokuvat ja valokuvaus. Satunnaisesti my\u00f6s muuta aiheeseen liittyv\u00e4\u00e4, kuten kirja-arvosteluja ja kommentteja varusteista.","og_url":"https:\/\/www.remonen.fi\/WP\/","og_site_name":"remonen.fi","article_modified_time":"2016-05-31T16:39:36+00:00","schema":{"@context":"https:\/\/schema.org","@graph":[{"@type":"WebPage","@id":"https:\/\/www.remonen.fi\/WP\/","url":"https:\/\/www.remonen.fi\/WP\/","name":"valokuvablogi - remonen.fi","isPartOf":{"@id":"https:\/\/www.remonen.fi\/WP\/#website"},"datePublished":"2015-05-02T15:30:00+00:00","dateModified":"2016-05-31T16:39:36+00:00","description":"Valokuvablogi : Blogin sis\u00e4lt\u00f6n\u00e4 valokuvat ja valokuvaus. Satunnaisesti my\u00f6s muuta aiheeseen liittyv\u00e4\u00e4, kuten kirja-arvosteluja ja kommentteja varusteista.","breadcrumb":{"@id":"https:\/\/www.remonen.fi\/WP\/#breadcrumb"},"inLanguage":"fi","potentialAction":[{"@type":"ReadAction","target":["https:\/\/www.remonen.fi\/WP\/"]}]},{"@type":"BreadcrumbList","@id":"https:\/\/www.remonen.fi\/WP\/#breadcrumb","itemListElement":[{"@type":"ListItem","position":1,"name":"Etusivu","item":"https:\/\/www.remonen.fi\/WP\/"},{"@type":"ListItem","position":2,"name":"Valokuvablogi"}]},{"@type":"WebSite","@id":"https:\/\/www.remonen.fi\/WP\/#website","url":"https:\/\/www.remonen.fi\/WP\/","name":"remonen.fi","description":"Valokuvia ja tarinaa laidasta laitaan","publisher":{"@id":"https:\/\/www.remonen.fi\/WP\/#\/schema\/person\/1803c23d1d4f6722054eb2ac7f7a97cd"},"potentialAction":[{"@type":"SearchAction","target":{"@type":"EntryPoint","urlTemplate":"https:\/\/www.remonen.fi\/WP\/?s={search_term_string}"},"query-input":{"@type":"PropertyValueSpecification","valueRequired":true,"valueName":"search_term_string"}}],"inLanguage":"fi"},{"@type":["Person","Organization"],"@id":"https:\/\/www.remonen.fi\/WP\/#\/schema\/person\/1803c23d1d4f6722054eb2ac7f7a97cd","name":"Matti Remonen","logo":{"@id":"https:\/\/www.remonen.fi\/WP\/#\/schema\/person\/image\/"}}]}},"_links":{"self":[{"href":"https:\/\/www.remonen.fi\/WP\/wp-json\/wp\/v2\/pages\/5915"}],"collection":[{"href":"https:\/\/www.remonen.fi\/WP\/wp-json\/wp\/v2\/pages"}],"about":[{"href":"https:\/\/www.remonen.fi\/WP\/wp-json\/wp\/v2\/types\/page"}],"author":[{"embeddable":true,"href":"https:\/\/www.remonen.fi\/WP\/wp-json\/wp\/v2\/users\/1"}],"replies":[{"embeddable":true,"href":"https:\/\/www.remonen.fi\/WP\/wp-json\/wp\/v2\/comments?post=5915"}],"version-history":[{"count":0,"href":"https:\/\/www.remonen.fi\/WP\/wp-json\/wp\/v2\/pages\/5915\/revisions"}],"wp:attachment":[{"href":"https:\/\/www.remonen.fi\/WP\/wp-json\/wp\/v2\/media?parent=5915"}],"curies":[{"name":"wp","href":"https:\/\/api.w.org\/{rel}","templated":true}]}}